{"id":61,"date":"2019-11-22T10:00:33","date_gmt":"2019-11-22T10:00:33","guid":{"rendered":"https:\/\/rlsekonomi.se\/?page_id=61"},"modified":"2023-09-15T09:49:22","modified_gmt":"2023-09-15T09:49:22","slug":"vara-tjanster","status":"publish","type":"page","link":"https:\/\/rlsekonomi.se\/?page_id=61","title":{"rendered":"V\u00e5ra tj\u00e4nster"},"content":{"rendered":"<div id=\"dslc-theme-content\"><div id=\"dslc-theme-content-inner\">\n<p class=\"has-normal-font-size\">V\u00e5rt m\u00e5l \u00e4r att p\u00e5 ett effektivt s\u00e4tt vara f\u00f6retagarnas b\u00e4sta v\u00e4n. Vi l\u00f6ser ditt f\u00f6retags redovisning och administration, medan du koncentrar dig p\u00e5 ditt f\u00f6retags k\u00e4rnverksamhet.<\/p>\n\n\n\n<p>V\u00e5ra redovisningstj\u00e4nster omfattar allt fr\u00e5n praktisk l\u00f6pande redovisning, uppr\u00e4ttande av bokslut, \u00e5rsredovisningar och utl\u00e5tanden till r\u00e5dgivning, analys, ekonomisk och operativ styrning. Allt detta g\u00f6rs f\u00f6r att du ska f\u00e5 b\u00e4sta m\u00f6jliga rapport om ditt f\u00f6retags p\u00e5g\u00e5ende ekonomiska utveckling.<\/p>\n\n\n\n<p><\/p>\n\n\n\n<div class=\"guten-element guten-accordions guten-lCtuga\">\n<div class=\"accordion-item\"><div class=\"accordion-heading\"><div class=\"accordion-icon\"><span class=\"accordion-icon-open\"><i class=\"fas fa-minus\"><\/i><\/span><span class=\"accordion-icon-closed\"><i class=\"fas fa-plus\"><\/i><\/span><\/div><span class=\"accordion-text\">L\u00f6pande Bokf\u00f6ring<\/span><\/div><div class=\"accordion-body\"><div class=\"accordion-content\">\n<p>Med v\u00e5ra l\u00f6pande bokf\u00f6ringstj\u00e4nster hj\u00e4lper vi dig med att bokf\u00f6ra dina aff\u00e4rsh\u00e4ndelser. <br>Tj\u00e4nsten t\u00e4cker:<\/p>\n\n\n\n<ul class=\"wp-block-list\">\n<li>Bokf\u00f6ring<\/li>\n\n\n\n<li>Avst\u00e4mning<\/li>\n\n\n\n<li>Reskontra<\/li>\n<\/ul>\n\n\n\n<p><\/p>\n<\/div><\/div><\/div>\n\n\n\n<div class=\"accordion-item\"><div class=\"accordion-heading\"><div class=\"accordion-icon\"><span class=\"accordion-icon-open\"><i class=\"fas fa-minus\"><\/i><\/span><span class=\"accordion-icon-closed\"><i class=\"fas fa-plus\"><\/i><\/span><\/div><span class=\"accordion-text\">Redovisning<\/span><\/div><div class=\"accordion-body\"><div class=\"accordion-content\">\n<p>Vi sk\u00f6ter din redovisning enligt svensk lagstiftning f\u00f6r alla bolagsformer.<br>Tj\u00e4nsten t\u00e4cker:<\/p>\n\n\n\n<ul class=\"wp-block-list\">\n<li>Momsredovisning<\/li>\n\n\n\n<li>Bokslut<\/li>\n\n\n\n<li>\u00c5rsredovisning<\/li>\n<\/ul>\n<\/div><\/div><\/div>\n<\/div>\n\n\n\n<div class=\"guten-element guten-accordions guten-rMWMO0\">\n<div class=\"accordion-item\"><div class=\"accordion-heading\"><div class=\"accordion-icon\"><span class=\"accordion-icon-open\"><i class=\"fas fa-minus\"><\/i><\/span><span class=\"accordion-icon-closed\"><i class=\"fas fa-plus\"><\/i><\/span><\/div><span class=\"accordion-text\">Skatter och Moms<\/span><\/div><div class=\"accordion-body\"><div class=\"accordion-content\">\n<p>Vi arbetar f\u00f6r att du ska betala r\u00e4tt skatt samtidigt \u00e4r vi noga med att allt vi arbetar med skall vara inom regelverket.<\/p>\n\n\n\n<p>Tj\u00e4nsten t\u00e4cker:<\/p>\n\n\n\n<ul class=\"wp-block-list\">\n<li>Skatter\u00e5dgivning<\/li>\n\n\n\n<li>Skatteplanering<\/li>\n\n\n\n<li>Avdrag<\/li>\n\n\n\n<li>\u00c4gerskifte<\/li>\n<\/ul>\n<\/div><\/div><\/div>\n\n\n\n<div class=\"accordion-item\"><div class=\"accordion-heading\"><div class=\"accordion-icon\"><span class=\"accordion-icon-open\"><i class=\"fas fa-minus\"><\/i><\/span><span class=\"accordion-icon-closed\"><i class=\"fas fa-plus\"><\/i><\/span><\/div><span class=\"accordion-text\">Budgetering<\/span><\/div><div class=\"accordion-body\"><div class=\"accordion-content\">\n<p>Vi hj\u00e4lper dig med att skapa och utveckla din f\u00f6retagsbudget s\u00e5 att den matchar din f\u00f6retags nuvarande och framtida behov.<\/p>\n<\/div><\/div><\/div>\n<\/div>\n\n\n\n<div class=\"guten-element guten-accordions guten-lLtiIY\">\n<div class=\"accordion-item\"><div class=\"accordion-heading\"><div class=\"accordion-icon\"><span class=\"accordion-icon-open\"><i class=\"fas fa-minus\"><\/i><\/span><span class=\"accordion-icon-closed\"><i class=\"fas fa-plus\"><\/i><\/span><\/div><span class=\"accordion-text\">L\u00f6neadministration<\/span><\/div><div class=\"accordion-body\"><div class=\"accordion-content\">\n<p>Vi sk\u00f6ter ditt f\u00f6retags l\u00f6nehantering s\u00e5 att du kan fokusera p\u00e5 ditt f\u00f6retag.<\/p>\n\n\n\n<p>Tj\u00e4nsten t\u00e4cker:<\/p>\n\n\n\n<ul class=\"wp-block-list\">\n<li>L\u00f6neadministration<\/li>\n\n\n\n<li>Reser\u00e4kningar<\/li>\n\n\n\n<li>L\u00f6neadministration f\u00f6r st\u00f6rre f\u00f6retag<\/li>\n\n\n\n<li>L\u00f6neutbetalning<\/li>\n<\/ul>\n<\/div><\/div><\/div>\n<\/div>\n\n\n\n<div class=\"guten-element guten-accordions guten-CPTfAW\">\n<div class=\"accordion-item\"><div class=\"accordion-heading\"><div class=\"accordion-icon\"><span class=\"accordion-icon-open\"><i class=\"fas fa-minus\"><\/i><\/span><span class=\"accordion-icon-closed\"><i class=\"fas fa-plus\"><\/i><\/span><\/div><span class=\"accordion-text\">Fakturahantering<\/span><\/div><div class=\"accordion-body\"><div class=\"accordion-content\">\n<p>Vi sk\u00f6ter ditt f\u00f6retags fakturahantering s\u00e5 att du kan fokusera p\u00e5 ditt f\u00f6retag.<\/p>\n\n\n\n<p>Tj\u00e4nsten t\u00e4cker:<\/p>\n\n\n\n<ul class=\"wp-block-list\">\n<li>Fakturabetalning<\/li>\n\n\n\n<li>Faktura administration<\/li>\n\n\n\n<li>Factoring<\/li>\n<\/ul>\n<\/div><\/div><\/div>\n<\/div>\n\n\n\n<div class=\"guten-element guten-accordions guten-mb9wJT\">\n<div class=\"accordion-item\"><div class=\"accordion-heading\"><div class=\"accordion-icon\"><span class=\"accordion-icon-open\"><i class=\"fas fa-minus\"><\/i><\/span><span class=\"accordion-icon-closed\"><i class=\"fas fa-plus\"><\/i><\/span><\/div><span class=\"accordion-text\">Finansiering<\/span><\/div><div class=\"accordion-body\"><div class=\"accordion-content\">\n<p>Vi hj\u00e4lper dig att hitta l\u00e4mpliga finansieringsk\u00e4llor och s\u00f6ka offentliga medel. V\u00e5ra experter ser till att ans\u00f6kningsprocessen och rapporteringen l\u00f6per smidigt fr\u00e5n b\u00f6rjan till slut.<\/p>\n\n\n\n<p>Tj\u00e4nsten t\u00e4cker:<\/p>\n\n\n\n<ul class=\"wp-block-list\">\n<li>Analys av f\u00f6retagets verksamhet och ekonomistruktur<\/li>\n\n\n\n<li>S\u00f6kande av den mest l\u00e4mpliga finansiella instansen och skapande av finansieringsplan<\/li>\n\n\n\n<li>Uppr\u00e4ttande av ans\u00f6kan tillsammans med f\u00f6retagsledningen<\/li>\n\n\n\n<li>Rapportering vid f\u00f6r\u00e4ndringssituationer samt mellanrapporter och slutrapportering till den instans som beviljat finansiering<\/li>\n\n\n\n<li>V\u00e4gledning vid projektets redovisning<\/li>\n\n\n\n<li>Att fungera som kontaktperson under finansieringsprocessen<\/li>\n<\/ul>\n<\/div><\/div><\/div>\n\n\n\n<div class=\"accordion-item\"><div class=\"accordion-heading\"><div class=\"accordion-icon\"><span class=\"accordion-icon-open\"><i class=\"fas fa-minus\"><\/i><\/span><span class=\"accordion-icon-closed\"><i class=\"fas fa-plus\"><\/i><\/span><\/div><span class=\"accordion-text\">Juridik<\/span><\/div><div class=\"accordion-body\"><div class=\"accordion-content\">\n<p>Vi hj\u00e4lper dig med juridiska fr\u00e5gor f\u00f6r din f\u00f6retagsutveckling.<\/p>\n\n\n\n<p>Tj\u00e4nsten t\u00e4cker:<\/p>\n\n\n\n<ul class=\"wp-block-list\">\n<li>Bolagsr\u00e4tt<\/li>\n\n\n\n<li>Skatter\u00e4tt<\/li>\n\n\n\n<li>Arbetsr\u00e4tt<\/li>\n\n\n\n<li>F\u00f6retagsr\u00e4tt<\/li>\n<\/ul>\n<\/div><\/div><\/div>\n<\/div>\n\n\n\n<div class=\"guten-element guten-accordions guten-pkkAd4\"><\/div>\n\n\n\n<p><\/p>\n<\/div><\/div>","protected":false},"excerpt":{"rendered":"<p>V\u00e5rt m\u00e5l \u00e4r att p\u00e5 ett effektivt s\u00e4tt vara f\u00f6retagarnas b\u00e4sta v\u00e4n. Vi l\u00f6ser ditt f\u00f6retags redovisning och administration, medan du koncentrar dig p\u00e5 ditt f\u00f6retags k\u00e4rnverksamhet. V\u00e5ra redovisningstj\u00e4nster omfattar allt fr\u00e5n praktisk l\u00f6pande redovisning, uppr\u00e4ttande av bokslut, \u00e5rsredovisningar och utl\u00e5tanden till r\u00e5dgivning, analys, ekonomisk och operativ styrning. Allt detta g\u00f6rs f\u00f6r att du ska f\u00e5 b\u00e4sta m\u00f6jliga rapport om ditt f\u00f6retags p\u00e5g\u00e5ende ekonomiska utveckling.<\/p>\n","protected":false},"author":1,"featured_media":0,"parent":0,"menu_order":0,"comment_status":"closed","ping_status":"closed","template":"","meta":{"footnotes":""},"class_list":["post-61","page","type-page","status-publish","hentry"],"aioseo_notices":[],"yoast_head":"<!-- This site is optimized with the Yoast SEO plugin v26.1 - https:\/\/yoast.com\/wordpress\/plugins\/seo\/ -->\n<title>V\u00e5ra tj\u00e4nster - Startsida<\/title>\n<meta name=\"robots\" content=\"index, follow, max-snippet:-1, max-image-preview:large, max-video-preview:-1\" \/>\n<link rel=\"canonical\" href=\"https:\/\/rlsekonomi.se\/?page_id=61\" \/>\n<meta property=\"og:locale\" content=\"en_US\" \/>\n<meta property=\"og:type\" content=\"article\" \/>\n<meta property=\"og:title\" content=\"V\u00e5ra tj\u00e4nster - Startsida\" \/>\n<meta property=\"og:description\" content=\"V\u00e5rt m\u00e5l \u00e4r att p\u00e5 ett effektivt s\u00e4tt vara f\u00f6retagarnas b\u00e4sta v\u00e4n. Vi l\u00f6ser ditt f\u00f6retags redovisning och administration, medan du koncentrar dig p\u00e5 ditt f\u00f6retags k\u00e4rnverksamhet. V\u00e5ra redovisningstj\u00e4nster omfattar allt fr\u00e5n praktisk l\u00f6pande redovisning, uppr\u00e4ttande av bokslut, \u00e5rsredovisningar och utl\u00e5tanden till r\u00e5dgivning, analys, ekonomisk och operativ styrning. Allt detta g\u00f6rs f\u00f6r att du ska f\u00e5 b\u00e4sta m\u00f6jliga rapport om ditt f\u00f6retags p\u00e5g\u00e5ende ekonomiska utveckling.\" \/>\n<meta property=\"og:url\" content=\"https:\/\/rlsekonomi.se\/?page_id=61\" \/>\n<meta property=\"og:site_name\" content=\"Startsida\" \/>\n<meta property=\"article:modified_time\" content=\"2023-09-15T09:49:22+00:00\" \/>\n<meta name=\"twitter:card\" content=\"summary_large_image\" \/>\n<meta name=\"twitter:label1\" content=\"Est. reading time\" \/>\n\t<meta name=\"twitter:data1\" content=\"2 minutes\" \/>\n<script type=\"application\/ld+json\" class=\"yoast-schema-graph\">{\"@context\":\"https:\/\/schema.org\",\"@graph\":[{\"@type\":\"WebPage\",\"@id\":\"https:\/\/rlsekonomi.se\/?page_id=61\",\"url\":\"https:\/\/rlsekonomi.se\/?page_id=61\",\"name\":\"V\u00e5ra tj\u00e4nster - Startsida\",\"isPartOf\":{\"@id\":\"https:\/\/rlsekonomi.se\/#website\"},\"datePublished\":\"2019-11-22T10:00:33+00:00\",\"dateModified\":\"2023-09-15T09:49:22+00:00\",\"breadcrumb\":{\"@id\":\"https:\/\/rlsekonomi.se\/?page_id=61#breadcrumb\"},\"inLanguage\":\"en-US\",\"potentialAction\":[{\"@type\":\"ReadAction\",\"target\":[\"https:\/\/rlsekonomi.se\/?page_id=61\"]}]},{\"@type\":\"BreadcrumbList\",\"@id\":\"https:\/\/rlsekonomi.se\/?page_id=61#breadcrumb\",\"itemListElement\":[{\"@type\":\"ListItem\",\"position\":1,\"name\":\"Home\",\"item\":\"https:\/\/rlsekonomi.se\/\"},{\"@type\":\"ListItem\",\"position\":2,\"name\":\"V\u00e5ra tj\u00e4nster\"}]},{\"@type\":\"WebSite\",\"@id\":\"https:\/\/rlsekonomi.se\/#website\",\"url\":\"https:\/\/rlsekonomi.se\/\",\"name\":\"Startsida\",\"description\":\"F\u00f6retagarens b\u00e4sta v\u00e4n\",\"publisher\":{\"@id\":\"https:\/\/rlsekonomi.se\/#organization\"},\"potentialAction\":[{\"@type\":\"SearchAction\",\"target\":{\"@type\":\"EntryPoint\",\"urlTemplate\":\"https:\/\/rlsekonomi.se\/?s={search_term_string}\"},\"query-input\":{\"@type\":\"PropertyValueSpecification\",\"valueRequired\":true,\"valueName\":\"search_term_string\"}}],\"inLanguage\":\"en-US\"},{\"@type\":\"Organization\",\"@id\":\"https:\/\/rlsekonomi.se\/#organization\",\"name\":\"Startsida\",\"url\":\"https:\/\/rlsekonomi.se\/\",\"logo\":{\"@type\":\"ImageObject\",\"inLanguage\":\"en-US\",\"@id\":\"https:\/\/rlsekonomi.se\/#\/schema\/logo\/image\/\",\"url\":\"https:\/\/rlsekonomi.se\/wp-content\/uploads\/2019\/11\/cropped-cropped-RLS-stor-12.jpg\",\"contentUrl\":\"https:\/\/rlsekonomi.se\/wp-content\/uploads\/2019\/11\/cropped-cropped-RLS-stor-12.jpg\",\"width\":1100,\"height\":348,\"caption\":\"Startsida\"},\"image\":{\"@id\":\"https:\/\/rlsekonomi.se\/#\/schema\/logo\/image\/\"}}]}<\/script>\n<!-- \/ Yoast SEO plugin. -->","yoast_head_json":{"title":"V\u00e5ra tj\u00e4nster - Startsida","robots":{"index":"index","follow":"follow","max-snippet":"max-snippet:-1","max-image-preview":"max-image-preview:large","max-video-preview":"max-video-preview:-1"},"canonical":"https:\/\/rlsekonomi.se\/?page_id=61","og_locale":"en_US","og_type":"article","og_title":"V\u00e5ra tj\u00e4nster - Startsida","og_description":"V\u00e5rt m\u00e5l \u00e4r att p\u00e5 ett effektivt s\u00e4tt vara f\u00f6retagarnas b\u00e4sta v\u00e4n. Vi l\u00f6ser ditt f\u00f6retags redovisning och administration, medan du koncentrar dig p\u00e5 ditt f\u00f6retags k\u00e4rnverksamhet. V\u00e5ra redovisningstj\u00e4nster omfattar allt fr\u00e5n praktisk l\u00f6pande redovisning, uppr\u00e4ttande av bokslut, \u00e5rsredovisningar och utl\u00e5tanden till r\u00e5dgivning, analys, ekonomisk och operativ styrning. Allt detta g\u00f6rs f\u00f6r att du ska f\u00e5 b\u00e4sta m\u00f6jliga rapport om ditt f\u00f6retags p\u00e5g\u00e5ende ekonomiska utveckling.","og_url":"https:\/\/rlsekonomi.se\/?page_id=61","og_site_name":"Startsida","article_modified_time":"2023-09-15T09:49:22+00:00","twitter_card":"summary_large_image","twitter_misc":{"Est. reading time":"2 minutes"},"schema":{"@context":"https:\/\/schema.org","@graph":[{"@type":"WebPage","@id":"https:\/\/rlsekonomi.se\/?page_id=61","url":"https:\/\/rlsekonomi.se\/?page_id=61","name":"V\u00e5ra tj\u00e4nster - Startsida","isPartOf":{"@id":"https:\/\/rlsekonomi.se\/#website"},"datePublished":"2019-11-22T10:00:33+00:00","dateModified":"2023-09-15T09:49:22+00:00","breadcrumb":{"@id":"https:\/\/rlsekonomi.se\/?page_id=61#breadcrumb"},"inLanguage":"en-US","potentialAction":[{"@type":"ReadAction","target":["https:\/\/rlsekonomi.se\/?page_id=61"]}]},{"@type":"BreadcrumbList","@id":"https:\/\/rlsekonomi.se\/?page_id=61#breadcrumb","itemListElement":[{"@type":"ListItem","position":1,"name":"Home","item":"https:\/\/rlsekonomi.se\/"},{"@type":"ListItem","position":2,"name":"V\u00e5ra tj\u00e4nster"}]},{"@type":"WebSite","@id":"https:\/\/rlsekonomi.se\/#website","url":"https:\/\/rlsekonomi.se\/","name":"Startsida","description":"F\u00f6retagarens b\u00e4sta v\u00e4n","publisher":{"@id":"https:\/\/rlsekonomi.se\/#organization"},"potentialAction":[{"@type":"SearchAction","target":{"@type":"EntryPoint","urlTemplate":"https:\/\/rlsekonomi.se\/?s={search_term_string}"},"query-input":{"@type":"PropertyValueSpecification","valueRequired":true,"valueName":"search_term_string"}}],"inLanguage":"en-US"},{"@type":"Organization","@id":"https:\/\/rlsekonomi.se\/#organization","name":"Startsida","url":"https:\/\/rlsekonomi.se\/","logo":{"@type":"ImageObject","inLanguage":"en-US","@id":"https:\/\/rlsekonomi.se\/#\/schema\/logo\/image\/","url":"https:\/\/rlsekonomi.se\/wp-content\/uploads\/2019\/11\/cropped-cropped-RLS-stor-12.jpg","contentUrl":"https:\/\/rlsekonomi.se\/wp-content\/uploads\/2019\/11\/cropped-cropped-RLS-stor-12.jpg","width":1100,"height":348,"caption":"Startsida"},"image":{"@id":"https:\/\/rlsekonomi.se\/#\/schema\/logo\/image\/"}}]}},"_links":{"self":[{"href":"https:\/\/rlsekonomi.se\/index.php?rest_route=\/wp\/v2\/pages\/61","targetHints":{"allow":["GET"]}}],"collection":[{"href":"https:\/\/rlsekonomi.se\/index.php?rest_route=\/wp\/v2\/pages"}],"about":[{"href":"https:\/\/rlsekonomi.se\/index.php?rest_route=\/wp\/v2\/types\/page"}],"author":[{"embeddable":true,"href":"https:\/\/rlsekonomi.se\/index.php?rest_route=\/wp\/v2\/users\/1"}],"replies":[{"embeddable":true,"href":"https:\/\/rlsekonomi.se\/index.php?rest_route=%2Fwp%2Fv2%2Fcomments&post=61"}],"version-history":[{"count":11,"href":"https:\/\/rlsekonomi.se\/index.php?rest_route=\/wp\/v2\/pages\/61\/revisions"}],"predecessor-version":[{"id":252,"href":"https:\/\/rlsekonomi.se\/index.php?rest_route=\/wp\/v2\/pages\/61\/revisions\/252"}],"wp:attachment":[{"href":"https:\/\/rlsekonomi.se\/index.php?rest_route=%2Fwp%2Fv2%2Fmedia&parent=61"}],"curies":[{"name":"wp","href":"https:\/\/api.w.org\/{rel}","templated":true}]}}